{"id":418,"date":"2024-02-22T11:39:31","date_gmt":"2024-02-22T11:39:31","guid":{"rendered":"https:\/\/blogs.consentplace.com\/fr\/?page_id=418"},"modified":"2024-03-01T17:00:50","modified_gmt":"2024-03-01T17:00:50","slug":"cp-consentplace-et-charitips-sassocient-pour-convertir-la-valeur-de-vos-donnees-personnelles-en-actes-caritatifs","status":"publish","type":"page","link":"https:\/\/blogs.consentplace.com\/fr\/cp-consentplace-et-charitips-sassocient-pour-convertir-la-valeur-de-vos-donnees-personnelles-en-actes-caritatifs\/","title":{"rendered":"CP: ConsentPlace et Charitips s&rsquo;associent pour convertir la valeur de vos donn\u00e9es personnelles en actes caritatifs :"},"content":{"rendered":"\n<figure class=\"wp-block-image size-large\"><a href=\"http:\/\/blogs.consentplace.com\/images\/pr\/Communique-ConsentPlace-Charitips.pdf\" target=\"_blank\" rel=\"noreferrer noopener\"><img loading=\"lazy\" decoding=\"async\" width=\"1024\" height=\"414\" src=\"https:\/\/blogs.consentplace.com\/fr\/wp-content\/uploads\/2024\/02\/Consentplace-x-Charitips-banniere-5-1024x414.png\" alt=\"\" class=\"wp-image-425\" srcset=\"https:\/\/blogs.consentplace.com\/fr\/wp-content\/uploads\/2024\/02\/Consentplace-x-Charitips-banniere-5-1024x414.png 1024w, https:\/\/blogs.consentplace.com\/fr\/wp-content\/uploads\/2024\/02\/Consentplace-x-Charitips-banniere-5-300x121.png 300w, https:\/\/blogs.consentplace.com\/fr\/wp-content\/uploads\/2024\/02\/Consentplace-x-Charitips-banniere-5-768x310.png 768w, https:\/\/blogs.consentplace.com\/fr\/wp-content\/uploads\/2024\/02\/Consentplace-x-Charitips-banniere-5-1536x621.png 1536w, https:\/\/blogs.consentplace.com\/fr\/wp-content\/uploads\/2024\/02\/Consentplace-x-Charitips-banniere-5-2048x827.png 2048w, https:\/\/blogs.consentplace.com\/fr\/wp-content\/uploads\/2024\/02\/Consentplace-x-Charitips-banniere-5-1568x634.png 1568w\" sizes=\"auto, (max-width: 1024px) 100vw, 1024px\" \/><\/a><\/figure>\n\n\n\n<p><strong>Communiqu\u00e9 de Presse pour diffusion imm\u00e9diate<\/strong><\/p>\n\n\n\n<p><strong>Titre: ConsentPlace et Charitips s&rsquo;associent <\/strong><strong>pour convertir la valeur de vos donn\u00e9es personnelles en actes caritatifs.<\/strong><\/p>\n\n\n\n<p><strong>Date:<\/strong> Vendredi 23 F\u00e9vrier 2024<\/p>\n\n\n\n<p>Dans une initiative novatrice visant \u00e0 red\u00e9finir la valeur du consentement num\u00e9rique, ConsentPlace, pionnier dans la valorisation du consentement entre les utilisateurs et leurs marques de confiance, est fier d&rsquo;annoncer son partenariat strat\u00e9gique avec Charitips, une solution de Donation-as-a-Service\u00ae permettant aux entreprises d&rsquo;augmenter leur proposition de valeur en int\u00e9grant des m\u00e9canismes de don dans leur produit.&nbsp; Cette collaboration unique en son genre permettra aux utilisateurs de ConsentPlace de faire don de leurs revenus g\u00e9n\u00e9r\u00e9s par les marques en \u00e9change de leur consentement explicite, marquant ainsi une \u00e9tape r\u00e9volutionnaire dans la mani\u00e8re dont les donn\u00e9es personnelles peuvent servir le bien commun.<\/p>\n\n\n\n<p><strong>Une Nouvelle \u00c8re pour le Consentement Num\u00e9rique<\/strong><\/p>\n\n\n\n<p>ConsentPlace, reconnu pour son engagement \u00e0 prot\u00e9ger la vie priv\u00e9e des utilisateurs tout en offrant une transparence totale sur l&rsquo;utilisation de leurs donn\u00e9es, franchit une nouvelle \u00e9tape en permettant aux utilisateurs de contribuer \u00e0 des causes nobles. Gr\u00e2ce \u00e0 ce partenariat avec Charitips, les utilisateurs ont d\u00e9sormais la possibilit\u00e9 de rediriger les revenus obtenus de la location de leur consentement vers des organisations caritatives rigoureusement s\u00e9lectionn\u00e9es par Charitips.<\/p>\n\n\n\n<p><strong>Comment \u00e7a marche?<\/strong><\/p>\n\n\n\n<p>Les utilisateurs de ConsentPlace pourront choisir de participer \u00e0 cette initiative en s\u00e9lectionnant l&rsquo;option de don dans leur interface de gestion du consentement. Une fois activ\u00e9e, toute r\u00e9mun\u00e9ration g\u00e9n\u00e9r\u00e9e par leur consentement explicite aux marques partenaires sera automatiquement vers\u00e9e \u00e0 leur cause caritative de choix parmi une liste pr\u00e9\u00e9tablie avec Charitips. Cette approche offre non seulement une nouvelle source de financement pour les organisations caritatives mais renforce \u00e9galement la conscience et la responsabilit\u00e9 sociale dans l&rsquo;\u00e9cosyst\u00e8me num\u00e9rique.<\/p>\n\n\n\n<p><strong>U<\/strong><strong>n Impact Durable<\/strong><\/p>\n\n\n\n<p>Ce partenariat s&rsquo;inscrit dans une vision commune de promouvoir l&rsquo;impact social positif \u00e0 travers l&rsquo;utilisation \u00e9thique des donn\u00e9es personnelles. ConsentPlace et Charitips sont d\u00e9termin\u00e9s \u00e0 offrir une solution qui non seulement respecte la volont\u00e9 de l&rsquo;utilisateur mais encourage \u00e9galement une culture de g\u00e9n\u00e9rosit\u00e9 et de soutien mutuel.<\/p>\n\n\n\n<p><strong>\u00c0 propos de ConsentPlace<\/strong><\/p>\n\n\n\n<p>ConsentPlace, surnomm\u00e9 \u201cLe AirBnb du Consentement\u201d permet aux utilisateurs de valoriser directement aupr\u00e8s de marques de confiance l&rsquo;utilisation de leurs donn\u00e9es personnelles et d\u00e9finir le prix d\u00e9sir\u00e9 par l\u2019utilisation de leur consentement explicite par des marques ou les agences les repr\u00e9sentant.<\/p>\n\n\n\n<p><strong>\u00c0 propos de Charitips<\/strong><\/p>\n\n\n\n<p>Apr\u00e8s avoir cr\u00e9\u00e9 la premi\u00e8re carte cadeau caritative pour soutenir les associations Fran\u00e7aises, Charitips se d\u00e9marque comme l\u2019infrastructure technologique et financi\u00e8re permettant aux entreprises de proposer facilement des fonctionnalit\u00e9s de don \u00e0 leurs parties prenantes. Leur solution tout en un permet aux entreprises de cr\u00e9er des exp\u00e9riences caritatives personnalis\u00e9es et g\u00e9r\u00e9es de A \u00e0 Z, de l\u2019audit des associations \u00e0 la gestion des flux financiers, jusqu\u2019\u00e0 la mesure d\u2019impact. <\/p>\n\n\n\n<div class=\"wp-block-buttons is-content-justification-center is-layout-flex wp-container-core-buttons-is-layout-16018d1d wp-block-buttons-is-layout-flex\">\n<div class=\"wp-block-button\"><a class=\"wp-block-button__link has-background has-text-align-center wp-element-button\" href=\"http:\/\/blogs.consentplace.com\/images\/pr\/communique_consentplace_charitips.pdf\" style=\"background-color:#f46524\" target=\"_blank\" rel=\"noreferrer noopener\">T\u00e9l\u00e9charger ce Communiqu\u00e9 de Presse<\/a><\/div>\n<\/div>\n\n\n\n<p><strong>Pour plus d&rsquo;informations, veuillez contacter:<\/strong><\/p>\n\n\n\n<p>Pour <strong>ConsentPlace<\/strong> :<br>Freddy Mini<br><a href=\"mailto:freddy@consentplace.com\">PR@consentplace.com<br><\/a><a href=\"https:\/\/consentplace.fr\" target=\"_blank\" rel=\"noreferrer noopener\">https:\/\/consentplace.fr<\/a><\/p>\n\n\n\n<p>Pour <strong>Charitips<\/strong> :<br>Maxime Quill\u00e9v\u00e9r\u00e9<br><a href=\"mailto:maxime@charitips.com\" target=\"_blank\" rel=\"noreferrer noopener\">maxime@charitips.com<\/a><br><a href=\"https:\/\/www.charitips.com\" target=\"_blank\" rel=\"noreferrer noopener\">https:\/\/www.charitips.com<\/a><\/p>\n\n\n\n<p><strong>Fin du communiqu\u00e9<\/strong><\/p>\n","protected":false},"excerpt":{"rendered":"<p>Communiqu\u00e9 de Presse pour diffusion imm\u00e9diate Titre: ConsentPlace et Charitips s&rsquo;associent pour convertir la valeur de vos donn\u00e9es personnelles en actes caritatifs. Date: Vendredi 23 F\u00e9vrier 2024 Dans une initiative novatrice visant \u00e0 red\u00e9finir la valeur du consentement num\u00e9rique, ConsentPlace, pionnier dans la valorisation du consentement entre les utilisateurs et leurs marques de confiance, est&hellip; <a class=\"more-link\" href=\"https:\/\/blogs.consentplace.com\/fr\/cp-consentplace-et-charitips-sassocient-pour-convertir-la-valeur-de-vos-donnees-personnelles-en-actes-caritatifs\/\">Poursuivre la lecture <span class=\"screen-reader-text\">CP: ConsentPlace et Charitips s&rsquo;associent pour convertir la valeur de vos donn\u00e9es personnelles en actes caritatifs :<\/span><\/a><\/p>\n","protected":false},"author":1,"featured_media":0,"parent":0,"menu_order":0,"comment_status":"closed","ping_status":"closed","template":"","meta":{"footnotes":""},"class_list":["post-418","page","type-page","status-publish","hentry","entry"],"_links":{"self":[{"href":"https:\/\/blogs.consentplace.com\/fr\/wp-json\/wp\/v2\/pages\/418","targetHints":{"allow":["GET"]}}],"collection":[{"href":"https:\/\/blogs.consentplace.com\/fr\/wp-json\/wp\/v2\/pages"}],"about":[{"href":"https:\/\/blogs.consentplace.com\/fr\/wp-json\/wp\/v2\/types\/page"}],"author":[{"embeddable":true,"href":"https:\/\/blogs.consentplace.com\/fr\/wp-json\/wp\/v2\/users\/1"}],"replies":[{"embeddable":true,"href":"https:\/\/blogs.consentplace.com\/fr\/wp-json\/wp\/v2\/comments?post=418"}],"version-history":[{"count":6,"href":"https:\/\/blogs.consentplace.com\/fr\/wp-json\/wp\/v2\/pages\/418\/revisions"}],"predecessor-version":[{"id":468,"href":"https:\/\/blogs.consentplace.com\/fr\/wp-json\/wp\/v2\/pages\/418\/revisions\/468"}],"wp:attachment":[{"href":"https:\/\/blogs.consentplace.com\/fr\/wp-json\/wp\/v2\/media?parent=418"}],"curies":[{"name":"wp","href":"https:\/\/api.w.org\/{rel}","templated":true}]}}